{"id":192,"date":"2024-06-21T06:40:28","date_gmt":"2024-06-21T06:40:28","guid":{"rendered":"https:\/\/cefosol.designstore.es\/?page_id=192"},"modified":"2024-07-22T20:47:22","modified_gmt":"2024-07-22T20:47:22","slug":"curso-de-soldadura-mig-mag-y-electrodo-revestido-cefosol","status":"publish","type":"page","link":"https:\/\/www.cefosol.com\/ca\/curs-de-soldadura-mig-mag-i-electrode-revestit-cefosol\/","title":{"rendered":"Curs MIG MAG i el\u00e8ctrode revestit"},"content":{"rendered":"<div data-elementor-type=\"wp-page\" data-elementor-id=\"192\" class=\"elementor elementor-192\" data-elementor-post-type=\"page\">\n\t\t\t\t<div class=\"elementor-element elementor-element-f455f3e e-flex e-con-boxed e-con e-parent\" data-id=\"f455f3e\" data-element_type=\"container\" data-e-type=\"container\" data-settings=\"{&quot;background_background&quot;:&quot;classic&quot;}\">\n\t\t\t\t\t<div class=\"e-con-inner\">\n\t\t<div class=\"elementor-element elementor-element-3127ebf e-con-full e-flex e-con e-child\" data-id=\"3127ebf\" data-element_type=\"container\" data-e-type=\"container\">\n\t\t\t\t<div class=\"elementor-element elementor-element-90d18aa elementor-widget elementor-widget-text-editor\" data-id=\"90d18aa\" data-element_type=\"widget\" data-e-type=\"widget\" data-widget_type=\"text-editor.default\">\n\t\t\t\t<div class=\"elementor-widget-container\">\n\t\t\t\t\t\t\t\t\t<p>CURSOS DE SOLDADURA <span style=\"color: #ff8c00;\">PRIVATS<\/span><\/p>\t\t\t\t\t\t\t\t<\/div>\n\t\t\t\t<\/div>\n\t\t\t\t<div class=\"elementor-element elementor-element-20e5870 elementor-widget-divider--view-line elementor-widget elementor-widget-divider\" data-id=\"20e5870\" data-element_type=\"widget\" data-e-type=\"widget\" data-widget_type=\"divider.default\">\n\t\t\t\t<div class=\"elementor-widget-container\">\n\t\t\t\t\t\t\t<div class=\"elementor-divider\">\n\t\t\t<span class=\"elementor-divider-separator\">\n\t\t\t\t\t\t<\/span>\n\t\t<\/div>\n\t\t\t\t\t\t<\/div>\n\t\t\t\t<\/div>\n\t\t\t\t<\/div>\n\t\t\t\t\t<\/div>\n\t\t\t\t<\/div>\n\t\t<div class=\"elementor-element elementor-element-bdef605 e-flex e-con-boxed e-con e-parent\" data-id=\"bdef605\" data-element_type=\"container\" data-e-type=\"container\">\n\t\t\t\t\t<div class=\"e-con-inner\">\n\t\t<div class=\"elementor-element elementor-element-24e2c3f e-con-full elementor-hidden-mobile e-flex e-con e-child\" data-id=\"24e2c3f\" data-element_type=\"container\" data-e-type=\"container\">\n\t\t\t\t<div class=\"elementor-element elementor-element-4b7573a elementor-widget elementor-widget-image\" data-id=\"4b7573a\" data-element_type=\"widget\" data-e-type=\"widget\" data-widget_type=\"image.default\">\n\t\t\t\t<div class=\"elementor-widget-container\">\n\t\t\t\t\t\t\t\t\t\t\t\t<figure class=\"wp-caption\">\n\t\t\t\t\t\t\t\t\t\t\t<a href=\"https:\/\/www.cefosol.com\/wp-content\/uploads\/2024\/06\/ELECTRODO-3.jpg\" data-elementor-open-lightbox=\"yes\" data-elementor-lightbox-title=\"ELECTRODO 3\" data-e-action-hash=\"#elementor-action%3Aaction%3Dlightbox%26settings%3DeyJpZCI6MjQyLCJ1cmwiOiJodHRwczpcL1wvd3d3LmNlZm9zb2wuY29tXC93cC1jb250ZW50XC91cGxvYWRzXC8yMDI0XC8wNlwvRUxFQ1RST0RPLTMuanBnIn0%3D\">\n\t\t\t\t\t\t\t<img fetchpriority=\"high\" decoding=\"async\" width=\"800\" height=\"999\" src=\"https:\/\/www.cefosol.com\/wp-content\/uploads\/2024\/06\/ELECTRODO-3-820x1024.jpg\" class=\"attachment-large size-large wp-image-242\" alt=\"curs de soldadura\" srcset=\"https:\/\/www.cefosol.com\/wp-content\/uploads\/2024\/06\/ELECTRODO-3-820x1024.jpg 820w, https:\/\/www.cefosol.com\/wp-content\/uploads\/2024\/06\/ELECTRODO-3-240x300.jpg 240w, https:\/\/www.cefosol.com\/wp-content\/uploads\/2024\/06\/ELECTRODO-3-768x960.jpg 768w, https:\/\/www.cefosol.com\/wp-content\/uploads\/2024\/06\/ELECTRODO-3.jpg 894w\" sizes=\"(max-width: 800px) 100vw, 800px\" \/>\t\t\t\t\t\t\t\t<\/a>\n\t\t\t\t\t\t\t\t\t\t\t<figcaption class=\"widget-image-caption wp-caption-text\">EL\u00c8CTRODE<\/figcaption>\n\t\t\t\t\t\t\t\t\t\t<\/figure>\n\t\t\t\t\t\t\t\t\t<\/div>\n\t\t\t\t<\/div>\n\t\t\t\t<div class=\"elementor-element elementor-element-0c5f46c elementor-widget elementor-widget-image\" data-id=\"0c5f46c\" data-element_type=\"widget\" data-e-type=\"widget\" data-widget_type=\"image.default\">\n\t\t\t\t<div class=\"elementor-widget-container\">\n\t\t\t\t\t\t\t\t\t\t\t\t<figure class=\"wp-caption\">\n\t\t\t\t\t\t\t\t\t\t\t<a href=\"https:\/\/www.cefosol.com\/wp-content\/uploads\/2024\/06\/ELECTRODO-4.jpg\" data-elementor-open-lightbox=\"yes\" data-elementor-lightbox-title=\"ELECTRODO 4\" data-e-action-hash=\"#elementor-action%3Aaction%3Dlightbox%26settings%3DeyJpZCI6MjQzLCJ1cmwiOiJodHRwczpcL1wvd3d3LmNlZm9zb2wuY29tXC93cC1jb250ZW50XC91cGxvYWRzXC8yMDI0XC8wNlwvRUxFQ1RST0RPLTQuanBnIn0%3D\">\n\t\t\t\t\t\t\t<img decoding=\"async\" width=\"800\" height=\"999\" src=\"https:\/\/www.cefosol.com\/wp-content\/uploads\/2024\/06\/ELECTRODO-4-820x1024.jpg\" class=\"attachment-large size-large wp-image-243\" alt=\"EL\u00c8CTRODE\" srcset=\"https:\/\/www.cefosol.com\/wp-content\/uploads\/2024\/06\/ELECTRODO-4-820x1024.jpg 820w, https:\/\/www.cefosol.com\/wp-content\/uploads\/2024\/06\/ELECTRODO-4-240x300.jpg 240w, https:\/\/www.cefosol.com\/wp-content\/uploads\/2024\/06\/ELECTRODO-4-768x960.jpg 768w, https:\/\/www.cefosol.com\/wp-content\/uploads\/2024\/06\/ELECTRODO-4.jpg 894w\" sizes=\"(max-width: 800px) 100vw, 800px\" \/>\t\t\t\t\t\t\t\t<\/a>\n\t\t\t\t\t\t\t\t\t\t\t<figcaption class=\"widget-image-caption wp-caption-text\">EL\u00c8CTRODE<\/figcaption>\n\t\t\t\t\t\t\t\t\t\t<\/figure>\n\t\t\t\t\t\t\t\t\t<\/div>\n\t\t\t\t<\/div>\n\t\t\t\t<div class=\"elementor-element elementor-element-1c0adeb elementor-widget elementor-widget-image\" data-id=\"1c0adeb\" data-element_type=\"widget\" data-e-type=\"widget\" data-widget_type=\"image.default\">\n\t\t\t\t<div class=\"elementor-widget-container\">\n\t\t\t\t\t\t\t\t\t\t\t\t<figure class=\"wp-caption\">\n\t\t\t\t\t\t\t\t\t\t\t<a href=\"https:\/\/www.cefosol.com\/wp-content\/uploads\/2024\/06\/MIG-MAG-4.jpg\" data-elementor-open-lightbox=\"yes\" data-elementor-lightbox-title=\"MIG MAG 4\" data-e-action-hash=\"#elementor-action%3Aaction%3Dlightbox%26settings%3DeyJpZCI6MjQ3LCJ1cmwiOiJodHRwczpcL1wvd3d3LmNlZm9zb2wuY29tXC93cC1jb250ZW50XC91cGxvYWRzXC8yMDI0XC8wNlwvTUlHLU1BRy00LmpwZyJ9\">\n\t\t\t\t\t\t\t<img decoding=\"async\" width=\"800\" height=\"534\" src=\"https:\/\/www.cefosol.com\/wp-content\/uploads\/2024\/06\/MIG-MAG-4.jpg\" class=\"attachment-large size-large wp-image-247\" alt=\"\" srcset=\"https:\/\/www.cefosol.com\/wp-content\/uploads\/2024\/06\/MIG-MAG-4.jpg 894w, https:\/\/www.cefosol.com\/wp-content\/uploads\/2024\/06\/MIG-MAG-4-300x200.jpg 300w, https:\/\/www.cefosol.com\/wp-content\/uploads\/2024\/06\/MIG-MAG-4-768x513.jpg 768w\" sizes=\"(max-width: 800px) 100vw, 800px\" \/>\t\t\t\t\t\t\t\t<\/a>\n\t\t\t\t\t\t\t\t\t\t\t<figcaption class=\"widget-image-caption wp-caption-text\">MIG MAG<\/figcaption>\n\t\t\t\t\t\t\t\t\t\t<\/figure>\n\t\t\t\t\t\t\t\t\t<\/div>\n\t\t\t\t<\/div>\n\t\t\t\t<\/div>\n\t\t<div class=\"elementor-element elementor-element-d6b4958 e-con-full e-flex e-con e-child\" data-id=\"d6b4958\" data-element_type=\"container\" data-e-type=\"container\" data-settings=\"{&quot;background_background&quot;:&quot;classic&quot;}\">\n\t\t\t\t<div class=\"elementor-element elementor-element-54bea53 elementor-widget-divider--view-line elementor-widget elementor-widget-divider\" data-id=\"54bea53\" data-element_type=\"widget\" data-e-type=\"widget\" data-widget_type=\"divider.default\">\n\t\t\t\t<div class=\"elementor-widget-container\">\n\t\t\t\t\t\t\t<div class=\"elementor-divider\">\n\t\t\t<span class=\"elementor-divider-separator\">\n\t\t\t\t\t\t<\/span>\n\t\t<\/div>\n\t\t\t\t\t\t<\/div>\n\t\t\t\t<\/div>\n\t\t\t\t<div class=\"elementor-element elementor-element-65dcc3c elementor-widget elementor-widget-text-editor\" data-id=\"65dcc3c\" data-element_type=\"widget\" data-e-type=\"widget\" data-widget_type=\"text-editor.default\">\n\t\t\t\t<div class=\"elementor-widget-container\">\n\t\t\t\t\t\t\t\t\t<p>CURS DE <span style=\"color: #ff8c00;\">SOLDADURA MIG\/MAG I EL\u00c8CTRODE REVESTIT (SMAW)\u00a0<\/span><\/p>\t\t\t\t\t\t\t\t<\/div>\n\t\t\t\t<\/div>\n\t\t\t\t<div class=\"elementor-element elementor-element-dd4789d elementor-widget elementor-widget-text-editor\" data-id=\"dd4789d\" data-element_type=\"widget\" data-e-type=\"widget\" data-widget_type=\"text-editor.default\">\n\t\t\t\t<div class=\"elementor-widget-container\">\n\t\t\t\t\t\t\t\t\t<p><strong>Descripci\u00f3 General:<\/strong> Aquest curs integral est\u00e0 dissenyat per ensenyar als participants tant els principis fonamentals com les t\u00e8cniques avan\u00e7ades de la Soldadura d&#039;El\u00e8ctrode Revestit, tamb\u00e9 coneguda com a soldadura per arc amb el\u00e8ctrode recobert (SMAW), i la Soldadura MIG\/MAG (Metal Inert Gas \/ Metall Active Gas). Els participants adquiriran una s\u00f2lida base te\u00f2rica complementada amb un extens entrenament pr\u00e0ctic, preparant-los per manejar una varietat de situacions i desafiaments de soldadura en entorns industrials i de construcci\u00f3.<\/p><p><strong>Objectius del Curs:<\/strong><\/p><ul><li><strong>Adquirir Coneixements Te\u00f2rics i Pr\u00e0ctics:<\/strong> Els estudiants aprendran els fonaments de la soldadura SMAW i MIG\/MAG, incloent-hi el maneig de diferents materials i t\u00e8cniques de soldadura adequades per a cada situaci\u00f3.<\/li><li><strong>Desenvolupar Habilitats T\u00e8cniques:<\/strong> Capacitaci\u00f3 pr\u00e0ctica intensiva per millorar l&#039;habilitat en la creaci\u00f3 de soldadures fortes i duradores.<\/li><li><strong>Aplicacions Avan\u00e7ades:<\/strong> Instrucci\u00f3 en t\u00e8cniques especials i resoluci\u00f3 de problemes complexos en soldadura per a aplicacions industrials avan\u00e7ades.<\/li><li><strong>Introducci\u00f3 a la Soldadura TIG:<\/strong> Una breu introducci\u00f3 a la t\u00e8cnica TIG per proporcionar una visi\u00f3 m\u00e9s \u00e0mplia i vers\u00e0til de les habilitats de soldadura.<\/li><\/ul><p><strong>Metodologia d&#039;Ensenyament:<\/strong> El curs alterna entre m\u00f2duls te\u00f2rics que s&#039;imparteixen en un entorn d&#039;aula i sessions pr\u00e0ctiques a tallers equipats amb la darrera tecnologia en equips de soldadura. Els estudiants practicaran diferents metalls i configuracions per simular desafiaments reals del m\u00f3n laboral, tot sota la supervisi\u00f3 d&#039;instructors experts.<\/p><p><strong>P\u00fablic Objectiu:<\/strong><\/p><ul><li><strong>Principiants a Soldadura:<\/strong> Individus interessats a aprendre les bases de la soldadura per comen\u00e7ar una cursa en aquest camp t\u00e8cnic.<\/li><li><strong>Soldadors Experimentats:<\/strong> Professionals que busquen aprofundir els seus coneixements i t\u00e8cniques a SMAW i MIG\/MAG, o expandir les seves habilitats aprenent la soldadura TIG.<\/li><\/ul><p><strong>Durada i Horari:<\/strong> El curs t\u00e9 una durada total de 60 hores. S&#039;ofereix en diversos horaris, incloent-hi sessions de dia complet i mig dia, per adaptar-se a les necessitats dels estudiants i professionals en actiu.<\/p><p><strong>Certificacions i Especialitzacions:<\/strong> En acabar el curs, els estudiants tindran l&#039;oportunitat d&#039;obtenir certificacions i homologacions reconegudes al sector. Oferim especialitzacions a petici\u00f3 de l&#039;alumne o empresa, assegurant que la formaci\u00f3 sigui rellevant i conforme als est\u00e0ndards industrials actuals.<\/p><p><strong>Beneficis de la Certificaci\u00f3:<\/strong> Obtenir una certificaci\u00f3 en soldadura SMAW i MIG\/MAG pot obrir portes a carreres a diverses ind\u00fastries com la construcci\u00f3, fabricaci\u00f3, manteniment industrial i m\u00e9s. Les certificacions tamb\u00e9 validen les habilitats del soldador davant d&#039;ocupadors potencials i milloren les perspectives d&#039;ocupaci\u00f3 i promoci\u00f3.<\/p><p><strong>Registra&#039;t ara!<\/strong> Aquest curs \u00e9s una oportunitat excepcional per a aquells que busquen establir o avan\u00e7ar en una cursa en soldadura. Amb experts com a instructors i acc\u00e9s a equips de darrera generaci\u00f3, els participants estan segurs d&#039;obtenir una formaci\u00f3 de qualitat superior.<\/p>\t\t\t\t\t\t\t\t<\/div>\n\t\t\t\t<\/div>\n\t\t\t\t<div class=\"elementor-element elementor-element-42e139f elementor-align-center elementor-tablet-align-center elementor-mobile-align-center elementor-widget elementor-widget-button\" data-id=\"42e139f\" data-element_type=\"widget\" data-e-type=\"widget\" data-widget_type=\"button.default\">\n\t\t\t\t<div class=\"elementor-widget-container\">\n\t\t\t\t\t\t\t\t\t<div class=\"elementor-button-wrapper\">\n\t\t\t\t\t<a class=\"elementor-button elementor-button-link elementor-size-sm\" href=\"https:\/\/www.cefosol.com\/ca\/contacte-escola-de-soldadura-cefosol\/\">\n\t\t\t\t\t\t<span class=\"elementor-button-content-wrapper\">\n\t\t\t\t\t\t\t\t\t<span class=\"elementor-button-text\">Formulari d&#039;inscripci\u00f3<\/span>\n\t\t\t\t\t<\/span>\n\t\t\t\t\t<\/a>\n\t\t\t\t<\/div>\n\t\t\t\t\t\t\t\t<\/div>\n\t\t\t\t<\/div>\n\t\t\t\t<\/div>\n\t\t\t\t\t<\/div>\n\t\t\t\t<\/div>\n\t\t<div class=\"elementor-element elementor-element-dfc419a e-flex e-con-boxed e-con e-parent\" data-id=\"dfc419a\" data-element_type=\"container\" data-e-type=\"container\">\n\t\t\t\t\t<div class=\"e-con-inner\">\n\t\t\t\t<div class=\"elementor-element elementor-element-9a3ef6e elementor-arrows-position-outside elementor-pagination-position-outside elementor-widget elementor-widget-image-carousel\" data-id=\"9a3ef6e\" data-element_type=\"widget\" data-e-type=\"widget\" data-settings=\"{&quot;slides_to_show&quot;:&quot;4&quot;,&quot;lazyload&quot;:&quot;yes&quot;,&quot;navigation&quot;:&quot;both&quot;,&quot;autoplay&quot;:&quot;yes&quot;,&quot;pause_on_hover&quot;:&quot;yes&quot;,&quot;pause_on_interaction&quot;:&quot;yes&quot;,&quot;autoplay_speed&quot;:5000,&quot;infinite&quot;:&quot;yes&quot;,&quot;speed&quot;:500}\" data-widget_type=\"image-carousel.default\">\n\t\t\t\t<div class=\"elementor-widget-container\">\n\t\t\t\t\t\t\t<div class=\"elementor-image-carousel-wrapper swiper\" role=\"region\" aria-roledescription=\"carousel\" aria-label=\"Carrusel d&#039;imatges\" dir=\"ltr\">\n\t\t\t<div class=\"elementor-image-carousel swiper-wrapper\" aria-live=\"off\">\n\t\t\t\t\t\t\t\t<div class=\"swiper-slide\" role=\"group\" aria-roledescription=\"slide\" aria-label=\"1 de 6\"><a data-elementor-open-lightbox=\"yes\" data-elementor-lightbox-slideshow=\"9a3ef6e\" data-elementor-lightbox-title=\"MIG MAG 3\" data-e-action-hash=\"#elementor-action%3Aaction%3Dlightbox%26settings%3DeyJpZCI6MjQ2LCJ1cmwiOiJodHRwczpcL1wvd3d3LmNlZm9zb2wuY29tXC93cC1jb250ZW50XC91cGxvYWRzXC8yMDI0XC8wNlwvTUlHLU1BRy0zLmpwZyIsInNsaWRlc2hvdyI6IjlhM2VmNmUifQ%3D%3D\" href=\"https:\/\/www.cefosol.com\/wp-content\/uploads\/2024\/06\/MIG-MAG-3.jpg\"><figure class=\"swiper-slide-inner\"><img class=\"swiper-slide-image swiper-lazy\" data-src=\"https:\/\/www.cefosol.com\/wp-content\/uploads\/2024\/06\/MIG-MAG-3.jpg\" alt=\"MIG MAG\" \/><div class=\"swiper-lazy-preloader\"><\/div><figcaption class=\"elementor-image-carousel-caption\">MIG MAG<\/figcaption><\/figure><\/a><\/div><div class=\"swiper-slide\" role=\"group\" aria-roledescription=\"slide\" aria-label=\"2 de 6\"><a data-elementor-open-lightbox=\"yes\" data-elementor-lightbox-slideshow=\"9a3ef6e\" data-elementor-lightbox-title=\"MIG MAG 2\" data-e-action-hash=\"#elementor-action%3Aaction%3Dlightbox%26settings%3DeyJpZCI6MjQ1LCJ1cmwiOiJodHRwczpcL1wvd3d3LmNlZm9zb2wuY29tXC93cC1jb250ZW50XC91cGxvYWRzXC8yMDI0XC8wNlwvTUlHLU1BRy0yLmpwZyIsInNsaWRlc2hvdyI6IjlhM2VmNmUifQ%3D%3D\" href=\"https:\/\/www.cefosol.com\/wp-content\/uploads\/2024\/06\/MIG-MAG-2.jpg\"><figure class=\"swiper-slide-inner\"><img class=\"swiper-slide-image swiper-lazy\" data-src=\"https:\/\/www.cefosol.com\/wp-content\/uploads\/2024\/06\/MIG-MAG-2-768x960.jpg\" alt=\"MIG MAG\" \/><div class=\"swiper-lazy-preloader\"><\/div><figcaption class=\"elementor-image-carousel-caption\">MIG MAG<\/figcaption><\/figure><\/a><\/div><div class=\"swiper-slide\" role=\"group\" aria-roledescription=\"slide\" aria-label=\"3 de 6\"><a data-elementor-open-lightbox=\"yes\" data-elementor-lightbox-slideshow=\"9a3ef6e\" data-elementor-lightbox-title=\"MIG MAG 1\" data-e-action-hash=\"#elementor-action%3Aaction%3Dlightbox%26settings%3DeyJpZCI6MjQ0LCJ1cmwiOiJodHRwczpcL1wvd3d3LmNlZm9zb2wuY29tXC93cC1jb250ZW50XC91cGxvYWRzXC8yMDI0XC8wNlwvTUlHLU1BRy0xLmpwZyIsInNsaWRlc2hvdyI6IjlhM2VmNmUifQ%3D%3D\" href=\"https:\/\/www.cefosol.com\/wp-content\/uploads\/2024\/06\/MIG-MAG-1.jpg\"><figure class=\"swiper-slide-inner\"><img class=\"swiper-slide-image swiper-lazy\" data-src=\"https:\/\/www.cefosol.com\/wp-content\/uploads\/2024\/06\/MIG-MAG-1-768x960.jpg\" alt=\"MIG MAG\" \/><div class=\"swiper-lazy-preloader\"><\/div><figcaption class=\"elementor-image-carousel-caption\">MIG MAG<\/figcaption><\/figure><\/a><\/div><div class=\"swiper-slide\" role=\"group\" aria-roledescription=\"slide\" aria-label=\"4 de 6\"><a data-elementor-open-lightbox=\"yes\" data-elementor-lightbox-slideshow=\"9a3ef6e\" data-elementor-lightbox-title=\"ELECTRODO 4\" data-e-action-hash=\"#elementor-action%3Aaction%3Dlightbox%26settings%3DeyJpZCI6MjQzLCJ1cmwiOiJodHRwczpcL1wvd3d3LmNlZm9zb2wuY29tXC93cC1jb250ZW50XC91cGxvYWRzXC8yMDI0XC8wNlwvRUxFQ1RST0RPLTQuanBnIiwic2xpZGVzaG93IjoiOWEzZWY2ZSJ9\" href=\"https:\/\/www.cefosol.com\/wp-content\/uploads\/2024\/06\/ELECTRODO-4.jpg\"><figure class=\"swiper-slide-inner\"><img class=\"swiper-slide-image swiper-lazy\" data-src=\"https:\/\/www.cefosol.com\/wp-content\/uploads\/2024\/06\/ELECTRODO-4-768x960.jpg\" alt=\"EL\u00c8CTRODE\" \/><div class=\"swiper-lazy-preloader\"><\/div><figcaption class=\"elementor-image-carousel-caption\">EL\u00c8CTRODE<\/figcaption><\/figure><\/a><\/div><div class=\"swiper-slide\" role=\"group\" aria-roledescription=\"slide\" aria-label=\"5 de 6\"><a data-elementor-open-lightbox=\"yes\" data-elementor-lightbox-slideshow=\"9a3ef6e\" data-elementor-lightbox-title=\"ELECTRODO 3\" data-e-action-hash=\"#elementor-action%3Aaction%3Dlightbox%26settings%3DeyJpZCI6MjQyLCJ1cmwiOiJodHRwczpcL1wvd3d3LmNlZm9zb2wuY29tXC93cC1jb250ZW50XC91cGxvYWRzXC8yMDI0XC8wNlwvRUxFQ1RST0RPLTMuanBnIiwic2xpZGVzaG93IjoiOWEzZWY2ZSJ9\" href=\"https:\/\/www.cefosol.com\/wp-content\/uploads\/2024\/06\/ELECTRODO-3.jpg\"><figure class=\"swiper-slide-inner\"><img class=\"swiper-slide-image swiper-lazy\" data-src=\"https:\/\/www.cefosol.com\/wp-content\/uploads\/2024\/06\/ELECTRODO-3-768x960.jpg\" alt=\"curs de soldadura\" \/><div class=\"swiper-lazy-preloader\"><\/div><figcaption class=\"elementor-image-carousel-caption\">EL\u00c8CTRODE<\/figcaption><\/figure><\/a><\/div><div class=\"swiper-slide\" role=\"group\" aria-roledescription=\"slide\" aria-label=\"6 de 6\"><a data-elementor-open-lightbox=\"yes\" data-elementor-lightbox-slideshow=\"9a3ef6e\" data-elementor-lightbox-title=\"ELECTRODO 2\" data-e-action-hash=\"#elementor-action%3Aaction%3Dlightbox%26settings%3DeyJpZCI6MjQxLCJ1cmwiOiJodHRwczpcL1wvd3d3LmNlZm9zb2wuY29tXC93cC1jb250ZW50XC91cGxvYWRzXC8yMDI0XC8wNlwvRUxFQ1RST0RPLTIuanBnIiwic2xpZGVzaG93IjoiOWEzZWY2ZSJ9\" href=\"https:\/\/www.cefosol.com\/wp-content\/uploads\/2024\/06\/ELECTRODO-2.jpg\"><figure class=\"swiper-slide-inner\"><img class=\"swiper-slide-image swiper-lazy\" data-src=\"https:\/\/www.cefosol.com\/wp-content\/uploads\/2024\/06\/ELECTRODO-2-768x960.jpg\" alt=\"EL\u00c8CTRODE\" \/><div class=\"swiper-lazy-preloader\"><\/div><figcaption class=\"elementor-image-carousel-caption\">EL\u00c8CTRODE<\/figcaption><\/figure><\/a><\/div>\t\t\t<\/div>\n\t\t\t\t\t\t\t\t\t\t\t\t<div class=\"elementor-swiper-button elementor-swiper-button-prev\" role=\"button\" tabindex=\"0\">\n\t\t\t\t\t\t<svg aria-hidden=\"true\" class=\"e-font-icon-svg e-eicon-chevron-left\" viewbox=\"0 0 1000 1000\" xmlns=\"http:\/\/www.w3.org\/2000\/svg\"><path d=\"M646 125C629 125 613 133 604 142L308 442C296 454 292 471 292 487 292 504 296 521 308 533L604 854C617 867 629 875 646 875 663 875 679 871 692 858 704 846 713 829 713 812 713 796 708 779 692 767L438 487 692 225C700 217 708 204 708 187 708 171 704 154 692 142 675 129 663 125 646 125Z\"><\/path><\/svg>\t\t\t\t\t<\/div>\n\t\t\t\t\t<div class=\"elementor-swiper-button elementor-swiper-button-next\" role=\"button\" tabindex=\"0\">\n\t\t\t\t\t\t<svg aria-hidden=\"true\" class=\"e-font-icon-svg e-eicon-chevron-right\" viewbox=\"0 0 1000 1000\" xmlns=\"http:\/\/www.w3.org\/2000\/svg\"><path d=\"M696 533C708 521 713 504 713 487 713 471 708 454 696 446L400 146C388 133 375 125 354 125 338 125 325 129 313 142 300 154 292 171 292 187 292 204 296 221 308 233L563 492 304 771C292 783 288 800 288 817 288 833 296 850 308 863 321 871 338 875 354 875 371 875 388 867 400 854L696 533Z\"><\/path><\/svg>\t\t\t\t\t<\/div>\n\t\t\t\t\n\t\t\t\t\t\t\t\t\t<div class=\"swiper-pagination\"><\/div>\n\t\t\t\t\t\t\t\t\t<\/div>\n\t\t\t\t\t\t<\/div>\n\t\t\t\t<\/div>\n\t\t\t\t\t<\/div>\n\t\t\t\t<\/div>\n\t\t<div class=\"elementor-element elementor-element-56b2f52 e-flex e-con-boxed e-con e-parent\" data-id=\"56b2f52\" data-element_type=\"container\" data-e-type=\"container\">\n\t\t\t\t\t<div class=\"e-con-inner\">\n\t\t\t\t<div class=\"elementor-element elementor-element-f00087b elementor-widget elementor-widget-spacer\" data-id=\"f00087b\" data-element_type=\"widget\" data-e-type=\"widget\" data-widget_type=\"spacer.default\">\n\t\t\t\t<div class=\"elementor-widget-container\">\n\t\t\t\t\t\t\t<div class=\"elementor-spacer\">\n\t\t\t<div class=\"elementor-spacer-inner\"><\/div>\n\t\t<\/div>\n\t\t\t\t\t\t<\/div>\n\t\t\t\t<\/div>\n\t\t\t\t\t<\/div>\n\t\t\t\t<\/div>\n\t\t\t\t<\/div>","protected":false},"excerpt":{"rendered":"<p>CURSOS DE SOLDADURA PRIVATS ELECTRODE ELECTRODE MIG MAG CURS DE SOLDADURA MIG\/MAG I ELECTRODE REVESTIT (SMAW) Descripci\u00f3 General: Aquest curs integral est\u00e0 dissenyat per ensenyar als participants tant els principis fonamentals com les t\u00e8cniques avan\u00e7ades de la Soldadura d&#039;Electr\u00f2de Revestit, tamb\u00e9 coneguda com a soldadura per arc amb el\u00e8ctrode recobert (SMAW), i la Soldadura [\u2026]<\/p>","protected":false},"author":2,"featured_media":0,"parent":0,"menu_order":0,"comment_status":"closed","ping_status":"closed","template":"","meta":{"footnotes":""},"class_list":["post-192","page","type-page","status-publish","hentry"],"_links":{"self":[{"href":"https:\/\/www.cefosol.com\/ca\/wp-json\/wp\/v2\/pages\/192","targetHints":{"allow":["GET"]}}],"collection":[{"href":"https:\/\/www.cefosol.com\/ca\/wp-json\/wp\/v2\/pages"}],"about":[{"href":"https:\/\/www.cefosol.com\/ca\/wp-json\/wp\/v2\/types\/page"}],"author":[{"embeddable":true,"href":"https:\/\/www.cefosol.com\/ca\/wp-json\/wp\/v2\/users\/2"}],"replies":[{"embeddable":true,"href":"https:\/\/www.cefosol.com\/ca\/wp-json\/wp\/v2\/comments?post=192"}],"version-history":[{"count":46,"href":"https:\/\/www.cefosol.com\/ca\/wp-json\/wp\/v2\/pages\/192\/revisions"}],"predecessor-version":[{"id":926,"href":"https:\/\/www.cefosol.com\/ca\/wp-json\/wp\/v2\/pages\/192\/revisions\/926"}],"wp:attachment":[{"href":"https:\/\/www.cefosol.com\/ca\/wp-json\/wp\/v2\/media?parent=192"}],"curies":[{"name":"wp","href":"https:\/\/api.w.org\/{rel}","templated":true}]}}